{"id":277,"date":"2021-03-13T13:55:23","date_gmt":"2021-03-13T12:55:23","guid":{"rendered":"http:\/\/el.commonsupport.com\/newwp\/intech\/?page_id=277"},"modified":"2026-03-10T20:27:24","modified_gmt":"2026-03-10T19:27:24","slug":"home","status":"publish","type":"page","link":"https:\/\/trailentresaveetgalop.fr\/","title":{"rendered":"Accueil"},"content":{"rendered":"\t\t<div data-elementor-type=\"wp-page\" data-elementor-id=\"277\" class=\"elementor elementor-277\">\n\t\t\t\t\t\t\t\t\t<section class=\"elementor-section elementor-top-section elementor-element elementor-element-c4b7287 elementor-section-full_width elementor-section-height-default elementor-section-height-default\" data-id=\"c4b7287\" data-element_type=\"section\">\n\t\t\t\t\t\t<div class=\"elementor-container elementor-column-gap-default\">\n\t\t\t\t\t<div class=\"elementor-column elementor-col-100 elementor-top-column elementor-element elementor-element-c7bd65b\" data-id=\"c7bd65b\" data-element_type=\"column\">\n\t\t\t<div class=\"elementor-widget-wrap elementor-element-populated\">\n\t\t\t\t\t\t\t\t<div class=\"elementor-element elementor-element-96963a1 elementor-widget__width-inherit elementor-invisible elementor-widget elementor-widget-intech_slider\" data-id=\"96963a1\" data-element_type=\"widget\" data-settings=\"{&quot;_animation&quot;:&quot;slideInRight&quot;}\" data-widget_type=\"intech_slider.default\">\n\t\t\t\t<div class=\"elementor-widget-container\">\n\t\t\t        \n        <section class=\"banner-one\">\n            <div class=\"banner-one__carousel owl-carousel owl-theme\">\n                                <div class=\"item\">\n                    <div class=\"banner-one__single banner-one__slide-1\" style=\"background-image: url(https:\/\/trailentresaveetgalop.fr\/wp-content\/uploads\/2022\/12\/lac_menville.jpg);\">\n                        <div class=\"container\">\n\t\t\t\t\t\t\t                            <img decoding=\"async\" src=\"https:\/\/trailentresaveetgalop.fr\/wp-content\/uploads\/2022\/10\/coureurs-e1666706461514.png\" alt=\"Awesome Image\" class=\"banner-one__moc banner-one__is-animated\">\n\t\t\t\t\t\t\t                            <div class=\"col-lg-6 col-md-8\">\n                                <div class=\"banner-one__content\">\n\t\t\t\t\t\t\t\t\t                                    <p class=\"banner-one__tag-line banner-one__is-animated\">TRAIL NATURE<\/p>\n                                    <!-- \/.banner-one__tag-line -->\n\t\t\t\t\t\t\t\t\t                                    <h3 class=\"banner-one__title banner-one__is-animated\">Entre Save<br>Et Galop<\/h3><!-- \/.banner-one__title -->\n\t\t\t\t\t\t\t\t\t                                    <p class=\"banner-one__text banner-one__is-animated\">Dimanche 12 avril 2026 <br> St Paul Sur Save (31530) \n<\/p><!-- \/.banner-one__text -->\n\t\t\t\t\t\t\t\t\t\n\t\t\t\t\t\t\t\t\t<div class=\"banner-one__btn-group\">\n\t\t\t\t\t\t\t\t\t\t\n\t\t\t\t\t\t\t\t\t\t\t\t\t\t\t\t\t\t\t<\/div>\n                                <\/div><!-- \/.banner-one__content -->\n                            <\/div><!-- \/.col-lg-6 -->\n                        <\/div><!-- \/.container -->\n                    <\/div><!-- \/.banner-one__single -->\n                <\/div><!-- \/.item -->\n\t\t\t\t            <\/div><!-- \/.banner-one__carousel owl-carousel owl-theme -->\n        <\/section><!-- \/.banner-one -->\n        \n        \t\t<\/div>\n\t\t\t\t<\/div>\n\t\t\t\t<div class=\"elementor-element elementor-element-e36dbf1 elementor-widget elementor-widget-intech_services_v2\" data-id=\"e36dbf1\" data-element_type=\"widget\" data-widget_type=\"intech_services_v2.default\">\n\t\t\t\t<div class=\"elementor-widget-container\">\n\t\t\t        \n        <section class=\"service-one service-one__home-three\">\n            <div class=\"container\">\n                <div class=\"inner-container\">\n                    <div class=\"row no-gutters\">\n                                                <div class=\"col-lg-4 wow fadeInUp\" data-wow-duration=\"1500ms\" data-wow-delay=\"500ms\">\n                            <div class=\"service-one__single hvr-bounce-to-bottom\">\n                                <div class=\"service-one__icon\">\n\t\t\t\t\t\t\t\t\t                            \t\t<span class=\"icon flaticon-gear-1\"><\/span>\n                                <\/div><!-- \/.service-one__icon -->\n                                <h3 class=\"service-one__title\"><a href=\"https:\/\/trailentresaveetgalop.fr\/index.php\/lesprit-entre-save-et-galop\/\">L&rsquo;esprit<br> \u00ab\u00a0Entre save et galop\u00a0\u00bb<\/a><\/h3>\n                                <!-- \/.service-one__title -->\n                                <p class=\"service-one__text\">Un trail nature qui conjugue sport, convivialit\u00e9, joie de vivre et solidarit\u00e9.<\/p><!-- \/.service-one__text -->\n                                <a href=\"https:\/\/trailentresaveetgalop.fr\/index.php\/lesprit-entre-save-et-galop\/\" class=\"service-one__link\"><i class=\"fa fa-angle-right\"><\/i>\n                                    <!-- \/.fa fa-angle-right --><\/a><!-- \/.service-one__link -->\n                            <\/div><!-- \/.service-one__single -->\n                        <\/div><!-- \/.col-lg-4 -->\n\t\t\t\t\t\t                        <div class=\"col-lg-4 wow fadeInUp\" data-wow-duration=\"1500ms\" data-wow-delay=\"500ms\">\n                            <div class=\"service-one__single hvr-bounce-to-bottom\">\n                                <div class=\"service-one__icon\">\n\t\t\t\t\t\t\t\t\t                            \t\t<span class=\"icon flaticon-right\"><\/span>\n                                <\/div><!-- \/.service-one__icon -->\n                                <h3 class=\"service-one__title\"><a href=\"https:\/\/trailentresaveetgalop.fr\/index.php\/les-parcours\/\">Les parcours<br>trail et marche nordique<\/a><\/h3>\n                                <!-- \/.service-one__title -->\n                                <p class=\"service-one__text\">4 distances, un parcours Marche nordique, il y en a pour tous les go\u00fbts!<\/p><!-- \/.service-one__text -->\n                                <a href=\"https:\/\/trailentresaveetgalop.fr\/index.php\/les-parcours\/\" class=\"service-one__link\"><i class=\"fa fa-angle-right\"><\/i>\n                                    <!-- \/.fa fa-angle-right --><\/a><!-- \/.service-one__link -->\n                            <\/div><!-- \/.service-one__single -->\n                        <\/div><!-- \/.col-lg-4 -->\n\t\t\t\t\t\t                        <div class=\"col-lg-4 wow fadeInUp\" data-wow-duration=\"1500ms\" data-wow-delay=\"500ms\">\n                            <div class=\"service-one__single hvr-bounce-to-bottom\">\n                                <div class=\"service-one__icon\">\n\t\t\t\t\t\t\t\t\t                            \t\t<span class=\"icon flaticon-search\"><\/span>\n                                <\/div><!-- \/.service-one__icon -->\n                                <h3 class=\"service-one__title\"><a href=\"https:\/\/chrono-start.com\/Inscription\/Course\/detail\/c\/3462\">S&rsquo;inscrire<br>en ligne<\/a><\/h3>\n                                <!-- \/.service-one__title -->\n                                <p class=\"service-one__text\">Les inscriptions se font uniquement en ligne sur le site Chronostart<\/p><!-- \/.service-one__text -->\n                                <a href=\"https:\/\/chrono-start.com\/Inscription\/Course\/detail\/c\/3462\" class=\"service-one__link\"><i class=\"fa fa-angle-right\"><\/i>\n                                    <!-- \/.fa fa-angle-right --><\/a><!-- \/.service-one__link -->\n                            <\/div><!-- \/.service-one__single -->\n                        <\/div><!-- \/.col-lg-4 -->\n\t\t\t\t\t\t                    <\/div><!-- \/.row -->\n                <\/div><!-- \/.inner-container -->\n            <\/div><!-- \/.container -->\n        <\/section><!-- \/.service-one -->\n\n        \t\t<\/div>\n\t\t\t\t<\/div>\n\t\t\t\t\t<\/div>\n\t\t<\/div>\n\t\t\t\t\t\t\t<\/div>\n\t\t<\/section>\n\t\t\t\t<section class=\"elementor-section elementor-top-section elementor-element elementor-element-6bf5f6f elementor-section-full_width elementor-section-height-default elementor-section-height-default\" data-id=\"6bf5f6f\" data-element_type=\"section\">\n\t\t\t\t\t\t<div class=\"elementor-container elementor-column-gap-default\">\n\t\t\t\t\t<div class=\"elementor-column elementor-col-100 elementor-top-column elementor-element elementor-element-c4aef3c\" data-id=\"c4aef3c\" data-element_type=\"column\">\n\t\t\t<div class=\"elementor-widget-wrap\">\n\t\t\t\t\t\t\t\t\t<\/div>\n\t\t<\/div>\n\t\t\t\t\t\t\t<\/div>\n\t\t<\/section>\n\t\t\t\t<section class=\"elementor-section elementor-top-section elementor-element elementor-element-e063b7a elementor-section-full_width elementor-section-height-default elementor-section-height-default\" data-id=\"e063b7a\" data-element_type=\"section\">\n\t\t\t\t\t\t<div class=\"elementor-container elementor-column-gap-default\">\n\t\t\t\t\t<div class=\"elementor-column elementor-col-100 elementor-top-column elementor-element elementor-element-a1ed25b\" data-id=\"a1ed25b\" data-element_type=\"column\">\n\t\t\t<div class=\"elementor-widget-wrap elementor-element-populated\">\n\t\t\t\t\t\t\t\t\t<\/div>\n\t\t<\/div>\n\t\t\t\t\t\t\t<\/div>\n\t\t<\/section>\n\t\t\t\t<section class=\"elementor-section elementor-top-section elementor-element elementor-element-52aece7 elementor-section-boxed elementor-section-height-default elementor-section-height-default\" data-id=\"52aece7\" data-element_type=\"section\">\n\t\t\t\t\t\t<div class=\"elementor-container elementor-column-gap-default\">\n\t\t\t\t\t<div class=\"elementor-column elementor-col-66 elementor-top-column elementor-element elementor-element-aa8210f\" data-id=\"aa8210f\" data-element_type=\"column\">\n\t\t\t<div class=\"elementor-widget-wrap elementor-element-populated\">\n\t\t\t\t\t\t\t\t<div class=\"elementor-element elementor-element-9899cd4 elementor-widget elementor-widget-heading\" data-id=\"9899cd4\" data-element_type=\"widget\" data-widget_type=\"heading.default\">\n\t\t\t\t<div class=\"elementor-widget-container\">\n\t\t\t<style>\/*! elementor - v3.8.0 - 30-10-2022 *\/\n.elementor-heading-title{padding:0;margin:0;line-height:1}.elementor-widget-heading .elementor-heading-title[class*=elementor-size-]>a{color:inherit;font-size:inherit;line-height:inherit}.elementor-widget-heading .elementor-heading-title.elementor-size-small{font-size:15px}.elementor-widget-heading .elementor-heading-title.elementor-size-medium{font-size:19px}.elementor-widget-heading .elementor-heading-title.elementor-size-large{font-size:29px}.elementor-widget-heading .elementor-heading-title.elementor-size-xl{font-size:39px}.elementor-widget-heading .elementor-heading-title.elementor-size-xxl{font-size:59px}<\/style><h3 class=\"elementor-heading-title elementor-size-default\">Cette ann\u00e9e nous courons pour l'association<\/h3>\t\t<\/div>\n\t\t\t\t<\/div>\n\t\t\t\t<div class=\"elementor-element elementor-element-add505b elementor-widget elementor-widget-image\" data-id=\"add505b\" data-element_type=\"widget\" data-widget_type=\"image.default\">\n\t\t\t\t<div class=\"elementor-widget-container\">\n\t\t\t<style>\/*! elementor - v3.8.0 - 30-10-2022 *\/\n.elementor-widget-image{text-align:center}.elementor-widget-image a{display:inline-block}.elementor-widget-image a img[src$=\".svg\"]{width:48px}.elementor-widget-image img{vertical-align:middle;display:inline-block}<\/style>\t\t\t\t\t\t\t\t\t\t\t\t<img loading=\"lazy\" decoding=\"async\" width=\"300\" height=\"300\" src=\"https:\/\/trailentresaveetgalop.fr\/wp-content\/uploads\/2025\/12\/Association1-modified.png-300x300.webp\" class=\"attachment-medium size-medium\" alt=\"\" srcset=\"https:\/\/trailentresaveetgalop.fr\/wp-content\/uploads\/2025\/12\/Association1-modified.png-300x300.webp 300w, https:\/\/trailentresaveetgalop.fr\/wp-content\/uploads\/2025\/12\/Association1-modified.png-1024x1024.webp 1024w, https:\/\/trailentresaveetgalop.fr\/wp-content\/uploads\/2025\/12\/Association1-modified.png-150x150.webp 150w, https:\/\/trailentresaveetgalop.fr\/wp-content\/uploads\/2025\/12\/Association1-modified.png-768x768.webp 768w, https:\/\/trailentresaveetgalop.fr\/wp-content\/uploads\/2025\/12\/Association1-modified.png-90x90.webp 90w, https:\/\/trailentresaveetgalop.fr\/wp-content\/uploads\/2025\/12\/Association1-modified.png-350x350.webp 350w, https:\/\/trailentresaveetgalop.fr\/wp-content\/uploads\/2025\/12\/Association1-modified.png-370x370.webp 370w, https:\/\/trailentresaveetgalop.fr\/wp-content\/uploads\/2025\/12\/Association1-modified.png.webp 1500w\" sizes=\"auto, (max-width: 300px) 100vw, 300px\" \/>\t\t\t\t\t\t\t\t\t\t\t\t\t\t\t<\/div>\n\t\t\t\t<\/div>\n\t\t\t\t<div class=\"elementor-element elementor-element-f299358 elementor-button-info elementor-align-justify elementor-widget elementor-widget-button\" data-id=\"f299358\" data-element_type=\"widget\" data-widget_type=\"button.default\">\n\t\t\t\t<div class=\"elementor-widget-container\">\n\t\t\t\t\t<div class=\"elementor-button-wrapper\">\n\t\t\t<a href=\"https:\/\/association-dominique.com\" target=\"_blank\" class=\"elementor-button-link elementor-button elementor-size-md\" role=\"button\">\n\t\t\t\t\t\t<span class=\"elementor-button-content-wrapper\">\n\t\t\t\t\t\t<span class=\"elementor-button-text\">Pour en savoir plus sur l'association<\/span>\n\t\t<\/span>\n\t\t\t\t\t<\/a>\n\t\t<\/div>\n\t\t\t\t<\/div>\n\t\t\t\t<\/div>\n\t\t\t\t\t<\/div>\n\t\t<\/div>\n\t\t\t\t<div class=\"elementor-column elementor-col-33 elementor-top-column elementor-element elementor-element-0d8fbfc\" data-id=\"0d8fbfc\" data-element_type=\"column\">\n\t\t\t<div class=\"elementor-widget-wrap elementor-element-populated\">\n\t\t\t\t\t\t\t\t<div class=\"elementor-element elementor-element-f7cc93c elementor-widget elementor-widget-image\" data-id=\"f7cc93c\" data-element_type=\"widget\" data-widget_type=\"image.default\">\n\t\t\t\t<div class=\"elementor-widget-container\">\n\t\t\t\t\t\t\t\t\t\t\t\t\t\t\t<img loading=\"lazy\" decoding=\"async\" width=\"525\" height=\"748\" src=\"https:\/\/trailentresaveetgalop.fr\/wp-content\/uploads\/2025\/12\/Capture-decran-2025-12-17-a-21.01.13-1-719x1024.png\" class=\"attachment-large size-large\" alt=\"\" srcset=\"https:\/\/trailentresaveetgalop.fr\/wp-content\/uploads\/2025\/12\/Capture-decran-2025-12-17-a-21.01.13-1-719x1024.png 719w, https:\/\/trailentresaveetgalop.fr\/wp-content\/uploads\/2025\/12\/Capture-decran-2025-12-17-a-21.01.13-1-211x300.png 211w, https:\/\/trailentresaveetgalop.fr\/wp-content\/uploads\/2025\/12\/Capture-decran-2025-12-17-a-21.01.13-1-768x1094.png 768w, https:\/\/trailentresaveetgalop.fr\/wp-content\/uploads\/2025\/12\/Capture-decran-2025-12-17-a-21.01.13-1.png 852w\" sizes=\"auto, (max-width: 525px) 100vw, 525px\" \/>\t\t\t\t\t\t\t\t\t\t\t\t\t\t\t<\/div>\n\t\t\t\t<\/div>\n\t\t\t\t\t<\/div>\n\t\t<\/div>\n\t\t\t\t\t\t\t<\/div>\n\t\t<\/section>\n\t\t\t\t<section class=\"elementor-section elementor-top-section elementor-element elementor-element-c72a802 elementor-section-boxed elementor-section-height-default elementor-section-height-default\" data-id=\"c72a802\" data-element_type=\"section\">\n\t\t\t\t\t\t<div class=\"elementor-container elementor-column-gap-default\">\n\t\t\t\t\t<div class=\"elementor-column elementor-col-100 elementor-top-column elementor-element elementor-element-710a8dc\" data-id=\"710a8dc\" data-element_type=\"column\">\n\t\t\t<div class=\"elementor-widget-wrap\">\n\t\t\t\t\t\t\t\t\t<\/div>\n\t\t<\/div>\n\t\t\t\t\t\t\t<\/div>\n\t\t<\/section>\n\t\t\t\t\t\t\t<\/div>\n\t\t","protected":false},"excerpt":{"rendered":"<p>TRAIL NATURE Entre SaveEt Galop Dimanche 12 avril 2026 St Paul Sur Save (31530) L&rsquo;esprit \u00ab\u00a0Entre save et galop\u00a0\u00bb Un trail nature qui conjugue sport, convivialit\u00e9, joie de vivre et solidarit\u00e9. Les parcourstrail et marche nordique 4 distances, un parcours Marche nordique, il y en a pour tous les go\u00fbts! S&rsquo;inscrireen ligne Les inscriptions se [&hellip;]<\/p>\n","protected":false},"author":1,"featured_media":0,"parent":0,"menu_order":0,"comment_status":"closed","ping_status":"closed","template":"elementor_header_footer","meta":{"footnotes":""},"class_list":["post-277","page","type-page","status-publish","hentry"],"_links":{"self":[{"href":"https:\/\/trailentresaveetgalop.fr\/index.php\/wp-json\/wp\/v2\/pages\/277","targetHints":{"allow":["GET"]}}],"collection":[{"href":"https:\/\/trailentresaveetgalop.fr\/index.php\/wp-json\/wp\/v2\/pages"}],"about":[{"href":"https:\/\/trailentresaveetgalop.fr\/index.php\/wp-json\/wp\/v2\/types\/page"}],"author":[{"embeddable":true,"href":"https:\/\/trailentresaveetgalop.fr\/index.php\/wp-json\/wp\/v2\/users\/1"}],"replies":[{"embeddable":true,"href":"https:\/\/trailentresaveetgalop.fr\/index.php\/wp-json\/wp\/v2\/comments?post=277"}],"version-history":[{"count":241,"href":"https:\/\/trailentresaveetgalop.fr\/index.php\/wp-json\/wp\/v2\/pages\/277\/revisions"}],"predecessor-version":[{"id":3086,"href":"https:\/\/trailentresaveetgalop.fr\/index.php\/wp-json\/wp\/v2\/pages\/277\/revisions\/3086"}],"wp:attachment":[{"href":"https:\/\/trailentresaveetgalop.fr\/index.php\/wp-json\/wp\/v2\/media?parent=277"}],"curies":[{"name":"wp","href":"https:\/\/api.w.org\/{rel}","templated":true}]}}